{"id":3,"date":"2022-09-02T15:00:30","date_gmt":"2022-09-02T15:00:30","guid":{"rendered":"https:\/\/www.bequantic.it\/?page_id=3"},"modified":"2022-09-29T13:11:15","modified_gmt":"2022-09-29T13:11:15","slug":"privacy-policy","status":"publish","type":"page","link":"https:\/\/www.bequantic.it\/it_it\/privacy-policy\/","title":{"rendered":"Privacy Policy"},"content":{"rendered":"\t\t<div data-elementor-type=\"wp-page\" data-elementor-id=\"3\" class=\"elementor elementor-3\">\n\t\t\t\t\t\t<section class=\"elementor-section elementor-top-section elementor-element elementor-element-3194f39d elementor-section-boxed elementor-section-height-default elementor-section-height-default\" data-id=\"3194f39d\" data-element_type=\"section\">\n\t\t\t\t\t\t<div class=\"elementor-container elementor-column-gap-default\">\n\t\t\t\t\t<div class=\"elementor-column elementor-col-100 elementor-top-column elementor-element elementor-element-4707b7a7\" data-id=\"4707b7a7\" data-element_type=\"column\">\n\t\t\t<div class=\"elementor-widget-wrap elementor-element-populated\">\n\t\t\t\t\t\t<div class=\"elementor-element elementor-element-13050191 elementor-widget elementor-widget-text-editor\" data-id=\"13050191\" data-element_type=\"widget\" data-widget_type=\"text-editor.default\">\n\t\t\t\t<div class=\"elementor-widget-container\">\n\t\t\t\t\t\t\t\t\t<h1><strong><span style=\"line-height: 47px; font-size: 46px; font-family: nunito; white-space: pre-wrap;\">Privacy Policy <\/span><\/strong><\/h1>\n<h6><span style=\"line-height: 20px; font-size: 20px; font-family: nunito; white-space: pre-wrap;\">Gentile Utente,\u00a0<\/span><\/h6>\n<h6><span style=\"line-height: 20px; font-size: 20px; font-family: nunito; white-space: pre-wrap;\">REL\u00c8 srl \u00e8 particolarmente attenta agli aspetti riguardanti la privacy dei propri utenti.Attraverso questa pagina intende descrivere le modalit\u00e0 di gestione del proprio sito internet, con riferimento al trattamento dei dati personali dei visitatori. Si tratta di un\u2019informativa generale resa nel rispetto del Decreto Legislativo n. 196 del 30 giugno 2003 \u201cCodice in materia di protezione dei dati personali\u201d (ex Legge n. 675\/1996).Titolare del trattamentoAttraverso la consultazione del sito web possono essere trattati dati relativi a persone identificate o identificabili. Il Titolare del trattamento di tali dati \u00e8 la REL\u00c8 srl S.r.l., che ha sede legale e operativa in Via Gramsci, 206, Castel Maggiore (BO).Luogo e modalit\u00e0 di trattamento dei datiIl trattamento dei dati, connessi alla consultazione dei Sito, ha luogo presso la sede operativa di REL\u00c8 srl in Via Gramsci, 206, Castel Maggiore (BO). I dati possono essere oggetto di trattamento in forma scritta su supporto cartaceo, magnetico, elettronico o telematico, con strumenti idonei a garantire la riservatezza e la sicurezza degli stessi. Il loro trattamento pu\u00f2 essere effettuato anche attraverso strumenti automatizzati atti a memorizzare, gestire e trasmettere i dati medesimi. Nessun dato derivante dal Sito viene comunicato o diffuso a terzi. <\/span><span style=\"line-height: 20px; font-size: 20px; font-family: nunito; white-space: pre-wrap;\">Finalit\u00e0 del trattamento dei datiI dati personali raccolti attraverso questo sito web potranno essere utilizzati al fine di ricavare informazioni statistiche anonime sull\u2019uso del sito, per controllare il corretto funzionamento dello stesso e per l\u2019accertamento di eventuali responsabilit\u00e0 in caso di illeciti commessi a danno del sito web, del Titolare o di terzi.\u00a0<\/span><\/h6>\n<h6><span style=\"line-height: 20px; font-size: 20px; font-family: nunito; white-space: pre-wrap;\">I dati raccolti dal sito sono conservati presso la sede del Titolare del trattamento per i tempi prescritti dalle norme di legge e trattati da parte di dipendenti e\/o terzi da questa incaricati, i quali svolgono le suddette attivit\u00e0 sotto la sua diretta supervisione e responsabilit\u00e0.\u00a0<\/span><\/h6>\n<h6><\/h6>\n<h6><span style=\"line-height: 20px; font-size: 20px; font-family: nunito; white-space: pre-wrap;\">I dati rilevati dal sito non vengono forniti a terzi, a meno che non si tratti di legittima richiesta da parte dell\u2019autorit\u00e0 giudiziaria e nei soli casi previsti dalla legge. I dati per\u00f2 potranno essere forniti a terzi qualora ci\u00f2 sia necessario per la fornitura di uno specifico servizio richiesto dell\u2019utente, oppure per l\u2019esecuzione di controlli di sicurezza o di ottimizzazione del sito.\u00a0<\/span><\/h6>\n<h6><\/h6>\n<h6><span style=\"line-height: 20px; font-size: 20px; font-family: nunito; white-space: pre-wrap;\">CookiesI cookies sono piccoli file di testo creati da un server e sono memorizzati sul dispositivo utilizzato dall\u2019Utente per la navigazione sul sito. Essi permettono al sito di garantire all\u2019Utente tutte le sue funzionalit\u00e0, una migliore e completa esperienza di navigazione, e di essere al corrente delle preferenze e dei comportamenti dell\u2019utente.Il nostro sito utilizza soltanto cookie c.d. \u201ctecnici\u201d e non fa uso di cookie c.d. \u201cdi profilazione\u201d.\u00a0<\/span><\/h6>\n<h6><\/h6>\n<h6><span style=\"line-height: 20px; font-size: 20px; font-family: nunito; white-space: pre-wrap;\">I cookie \u201ctecnici\u201d utilizzati dal presente sito sono i seguenti:jsessionid: \u00e8 un cookie tecnico nativo della piattaforma Java che serve per consentire la navigazione del sito e per mantenere valida la sessione dell\u2019utente durante la navigazione stessa del sito. Durata: fino alla chiusura del browser. <\/span><\/h6>\n<h6><span style=\"line-height: 20px; font-size: 20px; font-family: nunito; white-space: pre-wrap;\">(Maggiori info su http:\/\/cookiepedia.co.uk\/cookies\/jsessionid) cookie utilizzati da Google Analytics per tracciare utenti unici, in modo totalmente anonimo, e ricavare informazioni statistiche sull\u2019uso del sito:_ga: maggiori info su http:\/\/cookiepedia.co.uk\/cookies\/_ga_utmz: maggiori info su http:\/\/cookiepedia.co.uk\/cookies\/__utmz_utmt: maggiori info su http:\/\/cookiepedia.co.uk\/cookies\/__utmt_utmc: maggiori info su http:\/\/cookiepedia.co.uk\/cookies\/__utmc_utmb: maggiori info su http:\/\/cookiepedia.co.uk\/cookies\/__utmb_utma: maggiori info su http:\/\/cookiepedia.co.uk\/cookies\/__utma <\/span><\/h6>\n<h6><\/h6>\n<h6><span style=\"line-height: 20px; font-size: 20px; font-family: nunito; white-space: pre-wrap;\">L\u2019Utente pu\u00f2 opporsi alla memorizzazione dei cookies sul proprio dispositivo, configurando il browser usato per la navigazione: se utilizza il sito di REL\u00c8 srl senza cambiare le impostazioni del browser, presupponiamo che vorr\u00e0 ricevere tutti i cookies usati dal sito e fruire di tutte le funzionalit\u00e0.\u00a0<\/span><\/h6>\n<h6><\/h6>\n<h6><span style=\"line-height: 20px; font-size: 20px; font-family: nunito; white-space: pre-wrap;\">Facolt\u00e0 del conferimento dei datiIl conferimento dei dati per la richiesta di informazioni o per la realizzazione di un preventivo ha carattere facoltativo poich\u00e8 sono dati raccolti da REL\u00c8 srl per rendere ottimale lo svolgimento della propria attivit\u00e0. Il rifiuto a fornire tali dati render\u00e0 impossibile procedere all\u2019invio di qualsiasi informazione a carattere organizzativo, tecnico e\/o commerciale o, in generale, potr\u00e0 comportare l\u2019impossibilit\u00e0 di ottenere quanto richiesto dal visitatore del sito.Sicurezza delle informazioniSpecifiche misure di sicurezza sono osservate per prevenire la perdita dei dati, usi illeciti o non corretti ed accessi non autorizzati, in conformit\u00e0 con quanto stabilito dall\u2019Allegato B del D. Lgs. 196\/03 \u201cDisciplinare Tecnico in materia di misure minime di sicurezza\u201d (Artt. da 33 a 36 del codice).Diritti degli interessatiI soggetti cui si riferiscono i dati personali hanno il diritto di ottenere in qualunque momento la conferma dell\u2019esistenza o meno dei medesimi dati, di conoscerne il contenuto e l\u2019origine, verificarne l\u2019esattezza o chiederne l\u2019integrazione, l\u2019aggiornamento, oppure la rettifica, ai sensi dell\u2019art. 7 del D.Lgs. 196\/2003. Ai sensi del medesimo articolo si ha il diritto di chiedere la cancellazione, la trasformazione in forma anonima o il blocco dei dati trattati in violazione di legge, nonch\u00e9 di opporsi in ogni caso, per motivi legittimi, al loro trattamento.\u00a0<\/span><\/h6>\n<h6><\/h6>\n<h6><span style=\"line-height: 20px; font-size: 20px; font-family: nunito; white-space: pre-wrap;\">Le richieste andranno rivolte al titolare dell\u2019azienda.Considerando che lo stato di perfezionamento dei meccanismi automatici di controllo non li rende attualmente esenti da errori e disfunzioni, si precisa che il presente documento costituisce la \u201cPrivacy Policy\u201d di questo sito web. Essa potr\u00e0 essere soggetta ad aggiornamenti o modifiche soprattutto in virt\u00f9 dell\u2019entrata in vigore di nuove normative di settore.<\/span><\/h6>\t\t\t\t\t\t\t\t<\/div>\n\t\t\t\t<\/div>\n\t\t\t\t\t<\/div>\n\t\t<\/div>\n\t\t\t\t\t<\/div>\n\t\t<\/section>\n\t\t\t\t<section class=\"elementor-section elementor-top-section elementor-element elementor-element-37d1d716 elementor-section-boxed elementor-section-height-default elementor-section-height-default\" data-id=\"37d1d716\" data-element_type=\"section\" data-settings=\"{&quot;background_background&quot;:&quot;classic&quot;}\">\n\t\t\t\t\t\t\t<div class=\"elementor-background-overlay\"><\/div>\n\t\t\t\t\t\t\t<div class=\"elementor-container elementor-column-gap-default\">\n\t\t\t\t\t<div class=\"elementor-column elementor-col-100 elementor-top-column elementor-element elementor-element-2f92debd\" data-id=\"2f92debd\" data-element_type=\"column\">\n\t\t\t<div class=\"elementor-widget-wrap elementor-element-populated\">\n\t\t\t\t\t\t<div class=\"elementor-element elementor-element-1eb66a81 elementor-widget elementor-widget-text-editor\" data-id=\"1eb66a81\" data-element_type=\"widget\" data-widget_type=\"text-editor.default\">\n\t\t\t\t<div class=\"elementor-widget-container\">\n\t\t\t\t\t\t\t\t\t<span style=\"font-size: 25px; font-family: Zen Kaku Gothic Antique; white-space: pre-wrap;\">Scopri tutta la nostra linea<\/span>\t\t\t\t\t\t\t\t<\/div>\n\t\t\t\t<\/div>\n\t\t\t\t\t<\/div>\n\t\t<\/div>\n\t\t\t\t\t<\/div>\n\t\t<\/section>\n\t\t\t\t<section class=\"elementor-section elementor-top-section elementor-element elementor-element-3c1e8d15 elementor-section-boxed elementor-section-height-default elementor-section-height-default\" data-id=\"3c1e8d15\" data-element_type=\"section\" id=\"footer-link\" data-settings=\"{&quot;background_background&quot;:&quot;classic&quot;}\">\n\t\t\t\t\t\t<div class=\"elementor-container elementor-column-gap-default\">\n\t\t\t\t\t<div class=\"elementor-column elementor-col-16 elementor-top-column elementor-element elementor-element-7b33d56a\" data-id=\"7b33d56a\" data-element_type=\"column\">\n\t\t\t<div class=\"elementor-widget-wrap elementor-element-populated\">\n\t\t\t\t\t\t<div class=\"elementor-element elementor-element-605a4267 elementor-widget elementor-widget-text-editor\" data-id=\"605a4267\" data-element_type=\"widget\" data-widget_type=\"text-editor.default\">\n\t\t\t\t<div class=\"elementor-widget-container\">\n\t\t\t\t\t\t\t\t\t<strong><span style=\"font-size: 16px; font-family: Zen Kaku Gothic Antique; white-space: pre-wrap;\">L\u2019ISPIRAZIONE<\/span><\/strong>\t\t\t\t\t\t\t\t<\/div>\n\t\t\t\t<\/div>\n\t\t\t\t<div class=\"elementor-element elementor-element-39f59d5 elementor-widget elementor-widget-text-editor\" data-id=\"39f59d5\" data-element_type=\"widget\" data-widget_type=\"text-editor.default\">\n\t\t\t\t<div class=\"elementor-widget-container\">\n\t\t\t\t\t\t\t\t\t<p><span style=\"font-size: 16px; font-family: Zen Kaku Gothic Antique; white-space: pre-wrap;\"><a href=\"https:\/\/www.bequantic.it\/noi\/\">Chi siamo<\/a><br \/><a href=\"https:\/\/www.bequantic.it\/packaging\/\">Packaging<\/a><br \/><a href=\"https:\/\/www.bequantic.it\/ecosostenibilita\/\">Ecosostenibilit\u00e0<\/a><br \/><\/span><\/p>\t\t\t\t\t\t\t\t<\/div>\n\t\t\t\t<\/div>\n\t\t\t\t\t<\/div>\n\t\t<\/div>\n\t\t\t\t<div class=\"elementor-column elementor-col-16 elementor-top-column elementor-element elementor-element-496f674a\" data-id=\"496f674a\" data-element_type=\"column\">\n\t\t\t<div class=\"elementor-widget-wrap elementor-element-populated\">\n\t\t\t\t\t\t<div class=\"elementor-element elementor-element-3eafd6ad elementor-widget elementor-widget-text-editor\" data-id=\"3eafd6ad\" data-element_type=\"widget\" data-widget_type=\"text-editor.default\">\n\t\t\t\t<div class=\"elementor-widget-container\">\n\t\t\t\t\t\t\t\t\t<strong><span style=\"font-size: 16px; font-family: Zen Kaku Gothic Antique; white-space: pre-wrap;\">LA SCIENZA<\/span><\/strong>\t\t\t\t\t\t\t\t<\/div>\n\t\t\t\t<\/div>\n\t\t\t\t<div class=\"elementor-element elementor-element-6978857a elementor-widget elementor-widget-text-editor\" data-id=\"6978857a\" data-element_type=\"widget\" data-widget_type=\"text-editor.default\">\n\t\t\t\t<div class=\"elementor-widget-container\">\n\t\t\t\t\t\t\t\t\t<p><span style=\"font-size: 16px; font-family: Zen Kaku Gothic Antique; white-space: pre-wrap;\"><a href=\"https:\/\/www.bequantic.it\/acqua-informatizzata\/\">L\u2019acqua informatizzata<\/a><br \/><a href=\"https:\/\/www.bequantic.it\/formula\/\">La nostra formula<\/a><br \/><a href=\"https:\/\/www.bequantic.it\/metodo-informatizzazione\/\">Il metodo<\/a><br \/><\/span><\/p>\t\t\t\t\t\t\t\t<\/div>\n\t\t\t\t<\/div>\n\t\t\t\t\t<\/div>\n\t\t<\/div>\n\t\t\t\t<div class=\"elementor-column elementor-col-16 elementor-top-column elementor-element elementor-element-74c36d73\" data-id=\"74c36d73\" data-element_type=\"column\">\n\t\t\t<div class=\"elementor-widget-wrap elementor-element-populated\">\n\t\t\t\t\t\t<div class=\"elementor-element elementor-element-5295a15f elementor-widget elementor-widget-text-editor\" data-id=\"5295a15f\" data-element_type=\"widget\" data-widget_type=\"text-editor.default\">\n\t\t\t\t<div class=\"elementor-widget-container\">\n\t\t\t\t\t\t\t\t\t<strong><span style=\"font-size: 16px; font-family: Zen Kaku Gothic Antique; white-space: pre-wrap;\">I PRODOTTI<\/span><\/strong>\t\t\t\t\t\t\t\t<\/div>\n\t\t\t\t<\/div>\n\t\t\t\t<div class=\"elementor-element elementor-element-1d979801 elementor-widget elementor-widget-text-editor\" data-id=\"1d979801\" data-element_type=\"widget\" data-widget_type=\"text-editor.default\">\n\t\t\t\t<div class=\"elementor-widget-container\">\n\t\t\t\t\t\t\t\t\t<span style=\"font-size: 16px; font-family: Zen Kaku Gothic Antique; white-space: pre-wrap;\"><a href=\"https:\/\/www.bequantic.it\/categoria-prodotto\/trattamenti-viso\/\">Creme viso<\/a>\n<a href=\"https:\/\/www.bequantic.it\/categoria-prodotto\/trattamenti-corpo\/\">Crema corpo<\/a>\n<a href=\"https:\/\/www.bequantic.it\/categoria-prodotto\/detergenza-viso\/\">Detersione viso<\/a>\n<\/span>\t\t\t\t\t\t\t\t<\/div>\n\t\t\t\t<\/div>\n\t\t\t\t\t<\/div>\n\t\t<\/div>\n\t\t\t\t<div class=\"elementor-column elementor-col-16 elementor-top-column elementor-element elementor-element-43581f06\" data-id=\"43581f06\" data-element_type=\"column\">\n\t\t\t<div class=\"elementor-widget-wrap elementor-element-populated\">\n\t\t\t\t\t\t<div class=\"elementor-element elementor-element-667eea6 elementor-widget elementor-widget-text-editor\" data-id=\"667eea6\" data-element_type=\"widget\" data-widget_type=\"text-editor.default\">\n\t\t\t\t<div class=\"elementor-widget-container\">\n\t\t\t\t\t\t\t\t\t<strong><span style=\"font-size: 16px; font-family: Zen Kaku Gothic Antique; white-space: pre-wrap;\">SHOP<\/span><\/strong>\t\t\t\t\t\t\t\t<\/div>\n\t\t\t\t<\/div>\n\t\t\t\t<div class=\"elementor-element elementor-element-5942ee9a elementor-widget elementor-widget-text-editor\" data-id=\"5942ee9a\" data-element_type=\"widget\" data-widget_type=\"text-editor.default\">\n\t\t\t\t<div class=\"elementor-widget-container\">\n\t\t\t\t\t\t\t\t\t<span style=\"white-space: pre-wrap;\"><a href=\"https:\/\/www.bequantic.it\/cart\/\">Carrello<\/a>\n<a href=\"https:\/\/www.bequantic.it\/my-account\/\">Account<\/a>\n<a href=\"https:\/\/www.bequantic.it\/condizioni-di-vendita\/\">Condizioni di vendita<\/a><\/span><span style=\"font-size: 16px; font-family: Zen Kaku Gothic Antique; white-space: pre-wrap;\">\n<\/span>\t\t\t\t\t\t\t\t<\/div>\n\t\t\t\t<\/div>\n\t\t\t\t\t<\/div>\n\t\t<\/div>\n\t\t\t\t<div class=\"elementor-column elementor-col-16 elementor-top-column elementor-element elementor-element-1143699f\" data-id=\"1143699f\" data-element_type=\"column\">\n\t\t\t<div class=\"elementor-widget-wrap elementor-element-populated\">\n\t\t\t\t\t\t<div class=\"elementor-element elementor-element-4395e162 elementor-widget elementor-widget-text-editor\" data-id=\"4395e162\" data-element_type=\"widget\" data-widget_type=\"text-editor.default\">\n\t\t\t\t<div class=\"elementor-widget-container\">\n\t\t\t\t\t\t\t\t\t<strong><span style=\"font-size: 16px; font-family: Zen Kaku Gothic Antique; white-space: pre-wrap;\">INFORMAZIONI<\/span><\/strong>\t\t\t\t\t\t\t\t<\/div>\n\t\t\t\t<\/div>\n\t\t\t\t<div class=\"elementor-element elementor-element-60ddb394 elementor-widget elementor-widget-text-editor\" data-id=\"60ddb394\" data-element_type=\"widget\" data-widget_type=\"text-editor.default\">\n\t\t\t\t<div class=\"elementor-widget-container\">\n\t\t\t\t\t\t\t\t\t<span style=\"font-size: 16px; font-family: Zen Kaku Gothic Antique; white-space: pre-wrap;\"><a href=\"https:\/\/www.bequantic.it\/contact-us\/\">Contatti<\/a>\n<a href=\"https:\/\/www.bequantic.it\/contact-us\/\">Dove ci puoi trovare<\/a><\/span>\n\n&nbsp;\t\t\t\t\t\t\t\t<\/div>\n\t\t\t\t<\/div>\n\t\t\t\t\t<\/div>\n\t\t<\/div>\n\t\t\t\t<div class=\"elementor-column elementor-col-16 elementor-top-column elementor-element elementor-element-448a5642\" data-id=\"448a5642\" data-element_type=\"column\">\n\t\t\t<div class=\"elementor-widget-wrap elementor-element-populated\">\n\t\t\t\t\t\t<div class=\"elementor-element elementor-element-760a94e3 elementor-widget elementor-widget-text-editor\" data-id=\"760a94e3\" data-element_type=\"widget\" data-widget_type=\"text-editor.default\">\n\t\t\t\t<div class=\"elementor-widget-container\">\n\t\t\t\t\t\t\t\t\t<span style=\"font-size: 16px; font-family: Zen Kaku Gothic Antique; white-space: pre-wrap;\"><a href=\"mailto:info@bequantic.it\">info@bequantic.it<\/a>\n<a href=\"https:\/\/www.bequantic.it\/Privacy-Policy\/\">Privacy Policy<\/a>\n<a href=\"https:\/\/www.bequantic.it\/Cookie-policy\/\">Cookie policy<\/a>\n<\/span>\t\t\t\t\t\t\t\t<\/div>\n\t\t\t\t<\/div>\n\t\t\t\t\t<\/div>\n\t\t<\/div>\n\t\t\t\t\t<\/div>\n\t\t<\/section>\n\t\t\t\t<\/div>\n\t\t","protected":false},"excerpt":{"rendered":"<p>Privacy Policy Gentile Utente,\u00a0 REL\u00c8 srl \u00e8 particolarmente attenta agli aspetti riguardanti la privacy dei propri utenti.Attraverso questa pagina intende descrivere le modalit\u00e0 di gestione del proprio sito internet, con riferimento al trattamento dei dati personali dei visitatori. Si tratta di un\u2019informativa generale resa nel rispetto del Decreto Legislativo n. 196 del 30 giugno 2003<\/p>\n<div class=\"klb-readmore entry-button\"><a class=\"button light alt medium\" href=\"https:\/\/www.bequantic.it\/it_it\/privacy-policy\/\">Read More<\/a><\/div>\n","protected":false},"author":1,"featured_media":0,"parent":0,"menu_order":0,"comment_status":"closed","ping_status":"open","template":"","meta":{"footnotes":""},"class_list":["post-3","page","type-page","status-publish","hentry"],"jetpack_sharing_enabled":true,"_links":{"self":[{"href":"https:\/\/www.bequantic.it\/it_it\/wp-json\/wp\/v2\/pages\/3","targetHints":{"allow":["GET"]}}],"collection":[{"href":"https:\/\/www.bequantic.it\/it_it\/wp-json\/wp\/v2\/pages"}],"about":[{"href":"https:\/\/www.bequantic.it\/it_it\/wp-json\/wp\/v2\/types\/page"}],"author":[{"embeddable":true,"href":"https:\/\/www.bequantic.it\/it_it\/wp-json\/wp\/v2\/users\/1"}],"replies":[{"embeddable":true,"href":"https:\/\/www.bequantic.it\/it_it\/wp-json\/wp\/v2\/comments?post=3"}],"version-history":[{"count":27,"href":"https:\/\/www.bequantic.it\/it_it\/wp-json\/wp\/v2\/pages\/3\/revisions"}],"predecessor-version":[{"id":3699,"href":"https:\/\/www.bequantic.it\/it_it\/wp-json\/wp\/v2\/pages\/3\/revisions\/3699"}],"wp:attachment":[{"href":"https:\/\/www.bequantic.it\/it_it\/wp-json\/wp\/v2\/media?parent=3"}],"curies":[{"name":"wp","href":"https:\/\/api.w.org\/{rel}","templated":true}]}}