{"id":2040,"date":"2022-09-09T15:04:39","date_gmt":"2022-09-09T15:04:39","guid":{"rendered":"https:\/\/www.bequantic.it\/?page_id=2040"},"modified":"2022-12-13T18:10:17","modified_gmt":"2022-12-13T18:10:17","slug":"noi","status":"publish","type":"page","link":"https:\/\/www.bequantic.it\/it_it\/noi\/","title":{"rendered":"Noi"},"content":{"rendered":"\t\t<div data-elementor-type=\"wp-page\" data-elementor-id=\"2040\" class=\"elementor elementor-2040\">\n\t\t\t\t\t\t<section class=\"elementor-section elementor-top-section elementor-element elementor-element-60fd4e5 elementor-section-boxed elementor-section-height-default elementor-section-height-default\" data-id=\"60fd4e5\" data-element_type=\"section\" data-settings=\"{&quot;background_background&quot;:&quot;classic&quot;}\">\n\t\t\t\t\t\t<div class=\"elementor-container elementor-column-gap-wider\">\n\t\t\t\t\t<div class=\"elementor-column elementor-col-100 elementor-top-column elementor-element elementor-element-2bc6a63a\" data-id=\"2bc6a63a\" data-element_type=\"column\">\n\t\t\t<div class=\"elementor-widget-wrap elementor-element-populated\">\n\t\t\t\t\t\t<div class=\"elementor-element elementor-element-75b00475 elementor-widget elementor-widget-text-editor\" data-id=\"75b00475\" data-element_type=\"widget\" data-widget_type=\"text-editor.default\">\n\t\t\t\t<div class=\"elementor-widget-container\">\n\t\t\t\t\t\t\t\t\t<h1><strong><span style=\"font-size: 46px; font-family: nunito; white-space: pre-wrap;\">Un\u2019azienda tutta al femminile<\/span><\/strong><\/h1>\t\t\t\t\t\t\t\t<\/div>\n\t\t\t\t<\/div>\n\t\t\t\t\t<\/div>\n\t\t<\/div>\n\t\t\t\t\t<\/div>\n\t\t<\/section>\n\t\t\t\t<section class=\"elementor-section elementor-top-section elementor-element elementor-element-19b730da elementor-section-boxed elementor-section-height-default elementor-section-height-default\" data-id=\"19b730da\" data-element_type=\"section\" id=\"box-dst-inv\" data-settings=\"{&quot;background_background&quot;:&quot;classic&quot;}\">\n\t\t\t\t\t\t<div class=\"elementor-container elementor-column-gap-wider\">\n\t\t\t\t\t<div class=\"elementor-column elementor-col-50 elementor-top-column elementor-element elementor-element-49a8056\" data-id=\"49a8056\" data-element_type=\"column\">\n\t\t\t<div class=\"elementor-widget-wrap elementor-element-populated\">\n\t\t\t\t\t\t<div class=\"elementor-element elementor-element-3ee24526 elementor-widget elementor-widget-image\" data-id=\"3ee24526\" data-element_type=\"widget\" data-widget_type=\"image.default\">\n\t\t\t\t<div class=\"elementor-widget-container\">\n\t\t\t\t\t\t\t\t\t\t\t\t\t\t\t<img fetchpriority=\"high\" decoding=\"async\" width=\"1320\" height=\"881\" src=\"https:\/\/www.bequantic.it\/wp-content\/uploads\/2022\/09\/noi-1320x881.jpg\" class=\"attachment-mailpoet_newsletter_max size-mailpoet_newsletter_max wp-image-3398\" alt=\"\" srcset=\"https:\/\/www.bequantic.it\/wp-content\/uploads\/2022\/09\/noi-1320x881.jpg 1320w, https:\/\/www.bequantic.it\/wp-content\/uploads\/2022\/09\/noi-300x200.jpg 300w, https:\/\/www.bequantic.it\/wp-content\/uploads\/2022\/09\/noi-1024x684.jpg 1024w, https:\/\/www.bequantic.it\/wp-content\/uploads\/2022\/09\/noi-768x513.jpg 768w, https:\/\/www.bequantic.it\/wp-content\/uploads\/2022\/09\/noi-1536x1026.jpg 1536w, https:\/\/www.bequantic.it\/wp-content\/uploads\/2022\/09\/noi-2048x1367.jpg 2048w, https:\/\/www.bequantic.it\/wp-content\/uploads\/2022\/09\/noi-600x401.jpg 600w, https:\/\/www.bequantic.it\/wp-content\/uploads\/2022\/09\/noi-81x54.jpg 81w, https:\/\/www.bequantic.it\/wp-content\/uploads\/2022\/09\/noi-64x43.jpg 64w\" sizes=\"(max-width: 1320px) 100vw, 1320px\" \/>\t\t\t\t\t\t\t\t\t\t\t\t\t\t\t<\/div>\n\t\t\t\t<\/div>\n\t\t\t\t\t<\/div>\n\t\t<\/div>\n\t\t\t\t<div class=\"elementor-column elementor-col-50 elementor-top-column elementor-element elementor-element-53148acd\" data-id=\"53148acd\" data-element_type=\"column\">\n\t\t\t<div class=\"elementor-widget-wrap elementor-element-populated\">\n\t\t\t\t\t\t<div class=\"elementor-element elementor-element-698c5a71 elementor-widget elementor-widget-text-editor\" data-id=\"698c5a71\" data-element_type=\"widget\" data-widget_type=\"text-editor.default\">\n\t\t\t\t<div class=\"elementor-widget-container\">\n\t\t\t\t\t\t\t\t\t<h2><strong><span style=\"font-size: 40px; font-family: nunito; white-space: pre-wrap;\">Ci presentiamo! <\/span><\/strong><\/h2>\t\t\t\t\t\t\t\t<\/div>\n\t\t\t\t<\/div>\n\t\t\t\t<div class=\"elementor-element elementor-element-2da890e elementor-widget elementor-widget-text-editor\" data-id=\"2da890e\" data-element_type=\"widget\" data-widget_type=\"text-editor.default\">\n\t\t\t\t<div class=\"elementor-widget-container\">\n\t\t\t\t\t\t\t\t\t<span style=\"line-hig: 23px; font-size: 20px; font-family: Zen Kaku Gothic Antique; white-space: pre-wrap;\"><strong>Elena, la mente olistica e di Marketing<\/strong>. Spinta dalla passione per il \u201cmondo\u201d cosmetico, si \u00e8 occupata per oltre 30 anni di ricerca, di sviluppo e di marketing dei cosmetici, con particolare attenzione ai processi sostenibili di produzione. La sua principale ispirazione deriva dalla \u201cclean beauty\u201d, concezione che l\u2019ha portata a proporre in BeQuantic una visione innovativa ed eco-sostenibile su tutto ci\u00f2 che fa parte della supply chain.<\/span>\t\t\t\t\t\t\t\t<\/div>\n\t\t\t\t<\/div>\n\t\t\t\t<div class=\"elementor-element elementor-element-6b09f05 elementor-widget elementor-widget-text-editor\" data-id=\"6b09f05\" data-element_type=\"widget\" data-widget_type=\"text-editor.default\">\n\t\t\t\t<div class=\"elementor-widget-container\">\n\t\t\t\t\t\t\t\t\t<span style=\"line-hig: 23px; font-size: 20px; font-family: Zen Kaku Gothic Antique; white-space: pre-wrap;\"><strong>Roberta, la mente scientifica. Laureata in medicina e chirurgia<\/strong>, dal 2004 si occupa di medicina estetica, di fisica quantistica e \u201cmedicina conforme alla Vita\u201d. Tali studi l&#8217;hanno guidata nel raggiungimento dell&#8217;obiettivo di voler realizzare dei prodotti in cui conciliare una formula innovativa e la potenza energetica dell\u2019acqua informatizzata.<\/span>\t\t\t\t\t\t\t\t<\/div>\n\t\t\t\t<\/div>\n\t\t\t\t\t<\/div>\n\t\t<\/div>\n\t\t\t\t\t<\/div>\n\t\t<\/section>\n\t\t\t\t<section class=\"elementor-section elementor-top-section elementor-element elementor-element-438cd9d3 elementor-section-boxed elementor-section-height-default elementor-section-height-default\" data-id=\"438cd9d3\" data-element_type=\"section\" data-settings=\"{&quot;background_background&quot;:&quot;classic&quot;}\">\n\t\t\t\t\t\t<div class=\"elementor-container elementor-column-gap-wider\">\n\t\t\t\t\t<div class=\"elementor-column elementor-col-100 elementor-top-column elementor-element elementor-element-19d1f95\" data-id=\"19d1f95\" data-element_type=\"column\">\n\t\t\t<div class=\"elementor-widget-wrap elementor-element-populated\">\n\t\t\t\t\t\t<div class=\"elementor-element elementor-element-1beaccd6 elementor-widget elementor-widget-text-editor\" data-id=\"1beaccd6\" data-element_type=\"widget\" data-widget_type=\"text-editor.default\">\n\t\t\t\t<div class=\"elementor-widget-container\">\n\t\t\t\t\t\t\t\t\t<h3><strong><span style=\"font-size: 34px; font-family: nunito; white-space: pre-wrap;\">Che cos\u2019\u00e8 BeQuantic<\/span><\/strong><\/h3>\t\t\t\t\t\t\t\t<\/div>\n\t\t\t\t<\/div>\n\t\t\t\t<div class=\"elementor-element elementor-element-744d78d9 elementor-widget elementor-widget-text-editor\" data-id=\"744d78d9\" data-element_type=\"widget\" data-widget_type=\"text-editor.default\">\n\t\t\t\t<div class=\"elementor-widget-container\">\n\t\t\t\t\t\t\t\t\t<span style=\"line-high: 20px; font-size: 20px; font-family: 'Zen Kaku Gothic Antique'; white-space: pre-wrap; color: #473432;\">Siamo un\u2019azienda che mette al centro dell\u2019intero processo l\u2019ecosostenibilit\u00e0: dalla formulazione del prodotto al packaging, ogni dettaglio \u00e8 stato pensato per rispettare la natura. L\u2019intento \u00e8 quello di diffondere una cultura volta al rispetto della vita e dell\u2019ambiente.<\/span>\t\t\t\t\t\t\t\t<\/div>\n\t\t\t\t<\/div>\n\t\t\t\t\t<\/div>\n\t\t<\/div>\n\t\t\t\t\t<\/div>\n\t\t<\/section>\n\t\t\t\t<section class=\"elementor-section elementor-top-section elementor-element elementor-element-21c07b68 elementor-section-boxed elementor-section-height-default elementor-section-height-default\" data-id=\"21c07b68\" data-element_type=\"section\" id=\"box-sns-inv\" data-settings=\"{&quot;background_background&quot;:&quot;classic&quot;}\">\n\t\t\t\t\t\t<div class=\"elementor-container elementor-column-gap-wider\">\n\t\t\t\t\t<div class=\"elementor-column elementor-col-50 elementor-top-column elementor-element elementor-element-2587f023\" data-id=\"2587f023\" data-element_type=\"column\">\n\t\t\t<div class=\"elementor-widget-wrap elementor-element-populated\">\n\t\t\t\t\t\t<div class=\"elementor-element elementor-element-5cfc1b50 elementor-widget elementor-widget-text-editor\" data-id=\"5cfc1b50\" data-element_type=\"widget\" data-widget_type=\"text-editor.default\">\n\t\t\t\t<div class=\"elementor-widget-container\">\n\t\t\t\t\t\t\t\t\t<h3><strong><span style=\"font-size: 34px; font-family: nunito; white-space: pre-wrap;\">L\u2019impronta della natura<\/span><\/strong><\/h3>\t\t\t\t\t\t\t\t<\/div>\n\t\t\t\t<\/div>\n\t\t\t\t<div class=\"elementor-element elementor-element-126c465 elementor-widget elementor-widget-text-editor\" data-id=\"126c465\" data-element_type=\"widget\" data-widget_type=\"text-editor.default\">\n\t\t\t\t<div class=\"elementor-widget-container\">\n\t\t\t\t\t\t\t\t\t<span style=\"line-high: 20px; font-size: 20px; font-family: 'Zen Kaku Gothic Antique'; white-space: pre-wrap; color: #473432;\">L\u2019idea nasce dalla capacit\u00e0 dell\u2019acqua stessa, nella sua forma liquida, di conservare una traccia di tutto ci\u00f2 con cui viene in contatto. Ecco il motivo per cui \u00e8 il pi\u00f9 potente veicolo di informazioni che abbiamo. Un elemento cos\u00ec semplice come l\u2019acqua \u00e8 la chiave per portare beneficio al nostro corpo.<\/span>\t\t\t\t\t\t\t\t<\/div>\n\t\t\t\t<\/div>\n\t\t\t\t<div class=\"elementor-element elementor-element-9dbaa71 elementor-widget elementor-widget-text-editor\" data-id=\"9dbaa71\" data-element_type=\"widget\" data-widget_type=\"text-editor.default\">\n\t\t\t\t<div class=\"elementor-widget-container\">\n\t\t\t\t\t\t\t\t\t<p><strong><span style=\"line-high: 20px; font-size: 20px; font-family: 'Zen Kaku Gothic Antique'; white-space: pre-wrap; color: #473432;\">Un\u2019accurata e consapevole ricerca di ingredienti naturali<\/span><\/strong><\/p><ul><li><span style=\"line-high: 20px; font-size: 20px; font-family: 'Zen Kaku Gothic Antique'; white-space: pre-wrap; color: #473432;\">Oltre il 92% degli ingredienti \u00e8 di origine naturale;<br \/><\/span><\/li><li><span style=\"line-high: 20px; font-size: 20px; font-family: 'Zen Kaku Gothic Antique'; white-space: pre-wrap; color: #473432;\">Gli attivi funzionali principali derivano da agricoltura biologica e da coltivazioni certificate: estratti, olii essenziali e burri naturali;<br \/><\/span><\/li><li><span style=\"line-high: 20px; font-size: 20px; font-family: 'Zen Kaku Gothic Antique'; white-space: pre-wrap; color: #473432;\">Tutte le formule sono dermatologicamente testate;<br \/><\/span><\/li><li><span style=\"line-high: 20px; font-size: 20px; font-family: 'Zen Kaku Gothic Antique'; white-space: pre-wrap; color: #473432;\">Tutta la filiera dei materiali \u00e8 certificata VEGAN OK.<\/span><\/li><\/ul>\t\t\t\t\t\t\t\t<\/div>\n\t\t\t\t<\/div>\n\t\t\t\t\t<\/div>\n\t\t<\/div>\n\t\t\t\t<div class=\"elementor-column elementor-col-50 elementor-top-column elementor-element elementor-element-21036e0a\" data-id=\"21036e0a\" data-element_type=\"column\">\n\t\t\t<div class=\"elementor-widget-wrap elementor-element-populated\">\n\t\t\t\t\t\t<div class=\"elementor-element elementor-element-609e5514 elementor-widget elementor-widget-image\" data-id=\"609e5514\" data-element_type=\"widget\" data-widget_type=\"image.default\">\n\t\t\t\t<div class=\"elementor-widget-container\">\n\t\t\t\t\t\t\t\t\t\t\t\t\t\t\t<img decoding=\"async\" width=\"960\" height=\"641\" src=\"https:\/\/www.bequantic.it\/wp-content\/uploads\/2022\/09\/BeQuantic-5419-1024x684.jpg\" class=\"attachment-large size-large wp-image-1840\" alt=\"\" srcset=\"https:\/\/www.bequantic.it\/wp-content\/uploads\/2022\/09\/BeQuantic-5419-1024x684.jpg 1024w, https:\/\/www.bequantic.it\/wp-content\/uploads\/2022\/09\/BeQuantic-5419-300x200.jpg 300w, https:\/\/www.bequantic.it\/wp-content\/uploads\/2022\/09\/BeQuantic-5419-768x513.jpg 768w, https:\/\/www.bequantic.it\/wp-content\/uploads\/2022\/09\/BeQuantic-5419-1536x1026.jpg 1536w, https:\/\/www.bequantic.it\/wp-content\/uploads\/2022\/09\/BeQuantic-5419-2048x1367.jpg 2048w, https:\/\/www.bequantic.it\/wp-content\/uploads\/2022\/09\/BeQuantic-5419-1320x881.jpg 1320w, https:\/\/www.bequantic.it\/wp-content\/uploads\/2022\/09\/BeQuantic-5419-600x401.jpg 600w, https:\/\/www.bequantic.it\/wp-content\/uploads\/2022\/09\/BeQuantic-5419-81x54.jpg 81w, https:\/\/www.bequantic.it\/wp-content\/uploads\/2022\/09\/BeQuantic-5419-64x43.jpg 64w\" sizes=\"(max-width: 960px) 100vw, 960px\" \/>\t\t\t\t\t\t\t\t\t\t\t\t\t\t\t<\/div>\n\t\t\t\t<\/div>\n\t\t\t\t\t<\/div>\n\t\t<\/div>\n\t\t\t\t\t<\/div>\n\t\t<\/section>\n\t\t\t\t<section class=\"elementor-section elementor-top-section elementor-element elementor-element-1f35355f elementor-section-boxed elementor-section-height-default elementor-section-height-default\" data-id=\"1f35355f\" data-element_type=\"section\" data-settings=\"{&quot;background_background&quot;:&quot;classic&quot;}\">\n\t\t\t\t\t\t\t<div class=\"elementor-background-overlay\"><\/div>\n\t\t\t\t\t\t\t<div class=\"elementor-container elementor-column-gap-default\">\n\t\t\t\t\t<div class=\"elementor-column elementor-col-100 elementor-top-column elementor-element elementor-element-1f00a156\" data-id=\"1f00a156\" data-element_type=\"column\">\n\t\t\t<div class=\"elementor-widget-wrap elementor-element-populated\">\n\t\t\t\t\t\t<div class=\"elementor-element elementor-element-60517055 elementor-widget elementor-widget-text-editor\" data-id=\"60517055\" data-element_type=\"widget\" data-widget_type=\"text-editor.default\">\n\t\t\t\t<div class=\"elementor-widget-container\">\n\t\t\t\t\t\t\t\t\t<p><a href=\"https:\/\/www.bequantic.it\/shop\/\"><span style=\"font-size: 25px; font-family: Zen Kaku Gothic Antique; white-space: pre-wrap;\">Scopri tutta la nostra linea<\/span><\/a><\/p>\t\t\t\t\t\t\t\t<\/div>\n\t\t\t\t<\/div>\n\t\t\t\t\t<\/div>\n\t\t<\/div>\n\t\t\t\t\t<\/div>\n\t\t<\/section>\n\t\t\t\t<section class=\"elementor-section elementor-top-section elementor-element elementor-element-137e2964 elementor-section-boxed elementor-section-height-default elementor-section-height-default\" data-id=\"137e2964\" data-element_type=\"section\" id=\"footer-link\" data-settings=\"{&quot;background_background&quot;:&quot;classic&quot;}\">\n\t\t\t\t\t\t<div class=\"elementor-container elementor-column-gap-default\">\n\t\t\t\t\t<div class=\"elementor-column elementor-col-16 elementor-top-column elementor-element elementor-element-41d42f2a\" data-id=\"41d42f2a\" data-element_type=\"column\">\n\t\t\t<div class=\"elementor-widget-wrap elementor-element-populated\">\n\t\t\t\t\t\t<div class=\"elementor-element elementor-element-7868aad8 elementor-widget elementor-widget-text-editor\" data-id=\"7868aad8\" data-element_type=\"widget\" data-widget_type=\"text-editor.default\">\n\t\t\t\t<div class=\"elementor-widget-container\">\n\t\t\t\t\t\t\t\t\t<a style=\"margin-bottom:0;\" href=\"https:\/\/www.bequantic.it\/pagina-emozionale\/\"><strong><span style=\"font-size: 16px; font-family: Zen Kaku Gothic Antique; white-space: pre-wrap;\">L\u2019ISPIRAZIONE<\/span><\/strong><\/a>\t\t\t\t\t\t\t\t<\/div>\n\t\t\t\t<\/div>\n\t\t\t\t<div class=\"elementor-element elementor-element-10f46c3f elementor-widget elementor-widget-text-editor\" data-id=\"10f46c3f\" data-element_type=\"widget\" data-widget_type=\"text-editor.default\">\n\t\t\t\t<div class=\"elementor-widget-container\">\n\t\t\t\t\t\t\t\t\t<span style=\"font-size: 16px; font-family: Zen Kaku Gothic Antique; white-space: pre-wrap;\"><a href=\"https:\/\/www.bequantic.it\/noi\/\">Chi siamo<\/a>\n<a href=\"https:\/\/www.bequantic.it\/packaging\/\">Packaging<\/a>\n<a href=\"https:\/\/www.bequantic.it\/ecosostenibilita\/\">Ecosostenibilit\u00e0<\/a>\n<\/span>\t\t\t\t\t\t\t\t<\/div>\n\t\t\t\t<\/div>\n\t\t\t\t\t<\/div>\n\t\t<\/div>\n\t\t\t\t<div class=\"elementor-column elementor-col-16 elementor-top-column elementor-element elementor-element-2e3ba490\" data-id=\"2e3ba490\" data-element_type=\"column\">\n\t\t\t<div class=\"elementor-widget-wrap elementor-element-populated\">\n\t\t\t\t\t\t<div class=\"elementor-element elementor-element-725fdcd8 elementor-widget elementor-widget-text-editor\" data-id=\"725fdcd8\" data-element_type=\"widget\" data-widget_type=\"text-editor.default\">\n\t\t\t\t<div class=\"elementor-widget-container\">\n\t\t\t\t\t\t\t\t\t<a style=\"margin-bottom:0;\" href=\"https:\/\/www.bequantic.it\/pagina-scientifica\/\"><strong><span style=\"font-size: 16px; font-family: Zen Kaku Gothic Antique; white-space: pre-wrap;\">LA SCIENZA<\/span><\/strong><\/a>\t\t\t\t\t\t\t\t<\/div>\n\t\t\t\t<\/div>\n\t\t\t\t<div class=\"elementor-element elementor-element-10f612e4 elementor-widget elementor-widget-text-editor\" data-id=\"10f612e4\" data-element_type=\"widget\" data-widget_type=\"text-editor.default\">\n\t\t\t\t<div class=\"elementor-widget-container\">\n\t\t\t\t\t\t\t\t\t<p><span style=\"font-size: 16px; font-family: Zen Kaku Gothic Antique; white-space: pre-wrap;\"><a href=\"https:\/\/www.bequantic.it\/acqua-informatizzata\/\">L\u2019acqua informatizzata<\/a><br \/><a href=\"https:\/\/www.bequantic.it\/formula\/\">La nostra formula<\/a><br \/><a href=\"https:\/\/www.bequantic.it\/metodo-informatizzazione\/\">Il metodo<\/a><br \/><\/span><\/p>\t\t\t\t\t\t\t\t<\/div>\n\t\t\t\t<\/div>\n\t\t\t\t\t<\/div>\n\t\t<\/div>\n\t\t\t\t<div class=\"elementor-column elementor-col-16 elementor-top-column elementor-element elementor-element-7a04384b\" data-id=\"7a04384b\" data-element_type=\"column\">\n\t\t\t<div class=\"elementor-widget-wrap elementor-element-populated\">\n\t\t\t\t\t\t<div class=\"elementor-element elementor-element-75488ffb elementor-widget elementor-widget-text-editor\" data-id=\"75488ffb\" data-element_type=\"widget\" data-widget_type=\"text-editor.default\">\n\t\t\t\t<div class=\"elementor-widget-container\">\n\t\t\t\t\t\t\t\t\t<a style=\"margin-bottom:0;\" href=\"https:\/\/www.bequantic.it\/shop\/\"><strong><span style=\"font-size: 16px; font-family: Zen Kaku Gothic Antique; white-space: pre-wrap;\">I PRODOTTI<\/span><\/strong><\/a>\t\t\t\t\t\t\t\t<\/div>\n\t\t\t\t<\/div>\n\t\t\t\t<div class=\"elementor-element elementor-element-672f1bbe elementor-widget elementor-widget-text-editor\" data-id=\"672f1bbe\" data-element_type=\"widget\" data-widget_type=\"text-editor.default\">\n\t\t\t\t<div class=\"elementor-widget-container\">\n\t\t\t\t\t\t\t\t\t<p><span style=\"font-size: 16px; font-family: Zen Kaku Gothic Antique; white-space: pre-wrap;\"><a href=\"https:\/\/www.bequantic.it\/categoria-prodotto\/trattamenti-viso\/\">Creme viso<\/a><br \/><a href=\"https:\/\/www.bequantic.it\/categoria-prodotto\/trattamenti-corpo\/\">Crema corpo<\/a><br \/><a href=\"https:\/\/www.bequantic.it\/categoria-prodotto\/detergenza-viso\/\">Detersione viso<\/a><br \/><\/span><\/p>\t\t\t\t\t\t\t\t<\/div>\n\t\t\t\t<\/div>\n\t\t\t\t\t<\/div>\n\t\t<\/div>\n\t\t\t\t<div class=\"elementor-column elementor-col-16 elementor-top-column elementor-element elementor-element-282ac50a\" data-id=\"282ac50a\" data-element_type=\"column\">\n\t\t\t<div class=\"elementor-widget-wrap elementor-element-populated\">\n\t\t\t\t\t\t<div class=\"elementor-element elementor-element-65851416 elementor-widget elementor-widget-text-editor\" data-id=\"65851416\" data-element_type=\"widget\" data-widget_type=\"text-editor.default\">\n\t\t\t\t<div class=\"elementor-widget-container\">\n\t\t\t\t\t\t\t\t\t<a style=\"margin-bottom:0;\" href=\"https:\/\/www.bequantic.it\/shop\/\"><strong><span style=\"font-size: 16px; font-family: Zen Kaku Gothic Antique; white-space: pre-wrap;\">SHOP<\/span><\/strong><\/a>\t\t\t\t\t\t\t\t<\/div>\n\t\t\t\t<\/div>\n\t\t\t\t<div class=\"elementor-element elementor-element-623370b1 elementor-widget elementor-widget-text-editor\" data-id=\"623370b1\" data-element_type=\"widget\" data-widget_type=\"text-editor.default\">\n\t\t\t\t<div class=\"elementor-widget-container\">\n\t\t\t\t\t\t\t\t\t<span style=\"white-space: pre-wrap;\"><a href=\"https:\/\/www.bequantic.it\/cart\/\">Carrello<\/a>\n<a href=\"https:\/\/www.bequantic.it\/my-account\/\">Account<\/a>\n<a href=\"https:\/\/www.bequantic.it\/condizioni-di-vendita\/\">Condizioni di vendita<\/a><\/span><span style=\"font-size: 16px; font-family: Zen Kaku Gothic Antique; white-space: pre-wrap;\">\n<\/span>\t\t\t\t\t\t\t\t<\/div>\n\t\t\t\t<\/div>\n\t\t\t\t\t<\/div>\n\t\t<\/div>\n\t\t\t\t<div class=\"elementor-column elementor-col-16 elementor-top-column elementor-element elementor-element-c66bc75\" data-id=\"c66bc75\" data-element_type=\"column\">\n\t\t\t<div class=\"elementor-widget-wrap elementor-element-populated\">\n\t\t\t\t\t\t<div class=\"elementor-element elementor-element-3756989d elementor-widget elementor-widget-text-editor\" data-id=\"3756989d\" data-element_type=\"widget\" data-widget_type=\"text-editor.default\">\n\t\t\t\t<div class=\"elementor-widget-container\">\n\t\t\t\t\t\t\t\t\t<strong><span style=\"font-size: 16px; font-family: Zen Kaku Gothic Antique; white-space: pre-wrap;\">INFORMAZIONI<\/span><\/strong>\t\t\t\t\t\t\t\t<\/div>\n\t\t\t\t<\/div>\n\t\t\t\t<div class=\"elementor-element elementor-element-4582ae7d elementor-widget elementor-widget-text-editor\" data-id=\"4582ae7d\" data-element_type=\"widget\" data-widget_type=\"text-editor.default\">\n\t\t\t\t<div class=\"elementor-widget-container\">\n\t\t\t\t\t\t\t\t\t<span style=\"font-size: 16px; font-family: Zen Kaku Gothic Antique; white-space: pre-wrap;\"><a href=\"https:\/\/www.bequantic.it\/contact-us\/\">Contatti<\/a>\n<a href=\"https:\/\/www.bequantic.it\/contact-us\/\">Dove ci puoi trovare<\/a><\/span>\n\n&nbsp;\t\t\t\t\t\t\t\t<\/div>\n\t\t\t\t<\/div>\n\t\t\t\t\t<\/div>\n\t\t<\/div>\n\t\t\t\t<div class=\"elementor-column elementor-col-16 elementor-top-column elementor-element elementor-element-7e140778\" data-id=\"7e140778\" data-element_type=\"column\">\n\t\t\t<div class=\"elementor-widget-wrap elementor-element-populated\">\n\t\t\t\t\t\t<div class=\"elementor-element elementor-element-218d572e elementor-widget elementor-widget-text-editor\" data-id=\"218d572e\" data-element_type=\"widget\" data-widget_type=\"text-editor.default\">\n\t\t\t\t<div class=\"elementor-widget-container\">\n\t\t\t\t\t\t\t\t\t<span style=\"font-size: 16px; font-family: Zen Kaku Gothic Antique; white-space: pre-wrap;\"><a href=\"mailto:info@bequantic.it\">info@bequantic.it<\/a>\n<a href=\"https:\/\/www.bequantic.it\/Privacy-Policy\/\">Privacy Policy<\/a>\n<a href=\"https:\/\/www.bequantic.it\/Cookie-policy\/\">Cookie policy<\/a>\n<\/span>\t\t\t\t\t\t\t\t<\/div>\n\t\t\t\t<\/div>\n\t\t\t\t\t<\/div>\n\t\t<\/div>\n\t\t\t\t\t<\/div>\n\t\t<\/section>\n\t\t\t\t<\/div>\n\t\t","protected":false},"excerpt":{"rendered":"<p>Un\u2019azienda tutta al femminile Ci presentiamo! Elena, la mente olistica e di Marketing. Spinta dalla passione per il \u201cmondo\u201d cosmetico, si \u00e8 occupata per oltre 30 anni di ricerca, di sviluppo e di marketing dei cosmetici, con particolare attenzione ai processi sostenibili di produzione. La sua principale ispirazione deriva dalla \u201cclean beauty\u201d, concezione che l\u2019ha<\/p>\n<div class=\"klb-readmore entry-button\"><a class=\"button light alt medium\" href=\"https:\/\/www.bequantic.it\/it_it\/noi\/\">Read More<\/a><\/div>\n","protected":false},"author":1,"featured_media":0,"parent":0,"menu_order":0,"comment_status":"closed","ping_status":"closed","template":"","meta":{"footnotes":""},"class_list":["post-2040","page","type-page","status-publish","hentry"],"jetpack_sharing_enabled":true,"_links":{"self":[{"href":"https:\/\/www.bequantic.it\/it_it\/wp-json\/wp\/v2\/pages\/2040","targetHints":{"allow":["GET"]}}],"collection":[{"href":"https:\/\/www.bequantic.it\/it_it\/wp-json\/wp\/v2\/pages"}],"about":[{"href":"https:\/\/www.bequantic.it\/it_it\/wp-json\/wp\/v2\/types\/page"}],"author":[{"embeddable":true,"href":"https:\/\/www.bequantic.it\/it_it\/wp-json\/wp\/v2\/users\/1"}],"replies":[{"embeddable":true,"href":"https:\/\/www.bequantic.it\/it_it\/wp-json\/wp\/v2\/comments?post=2040"}],"version-history":[{"count":172,"href":"https:\/\/www.bequantic.it\/it_it\/wp-json\/wp\/v2\/pages\/2040\/revisions"}],"predecessor-version":[{"id":4604,"href":"https:\/\/www.bequantic.it\/it_it\/wp-json\/wp\/v2\/pages\/2040\/revisions\/4604"}],"wp:attachment":[{"href":"https:\/\/www.bequantic.it\/it_it\/wp-json\/wp\/v2\/media?parent=2040"}],"curies":[{"name":"wp","href":"https:\/\/api.w.org\/{rel}","templated":true}]}}