{"id":2028,"date":"2022-09-09T14:45:56","date_gmt":"2022-09-09T14:45:56","guid":{"rendered":"https:\/\/www.bequantic.it\/?page_id=2028"},"modified":"2022-12-13T14:19:04","modified_gmt":"2022-12-13T14:19:04","slug":"ecosostenibilita","status":"publish","type":"page","link":"https:\/\/www.bequantic.it\/it_it\/ecosostenibilita\/","title":{"rendered":"Ecosostenibilit\u00e0"},"content":{"rendered":"\t\t<div data-elementor-type=\"wp-page\" data-elementor-id=\"2028\" class=\"elementor elementor-2028\">\n\t\t\t\t\t\t<section class=\"elementor-section elementor-top-section elementor-element elementor-element-6be29328 elementor-section-boxed elementor-section-height-default elementor-section-height-default\" data-id=\"6be29328\" data-element_type=\"section\" data-settings=\"{&quot;background_background&quot;:&quot;classic&quot;}\">\n\t\t\t\t\t\t<div class=\"elementor-container elementor-column-gap-wider\">\n\t\t\t\t\t<div class=\"elementor-column elementor-col-100 elementor-top-column elementor-element elementor-element-421bdb34\" data-id=\"421bdb34\" data-element_type=\"column\">\n\t\t\t<div class=\"elementor-widget-wrap elementor-element-populated\">\n\t\t\t\t\t\t<div class=\"elementor-element elementor-element-20bfa6e1 elementor-widget elementor-widget-text-editor\" data-id=\"20bfa6e1\" data-element_type=\"widget\" data-widget_type=\"text-editor.default\">\n\t\t\t\t<div class=\"elementor-widget-container\">\n\t\t\t\t\t\t\t\t\t<h2><strong><span style=\"font-size: 42px; font-family: nunito; white-space: pre-wrap;\">Ecosostenibilit\u00e0<\/span><\/strong><\/h2>\t\t\t\t\t\t\t\t<\/div>\n\t\t\t\t<\/div>\n\t\t\t\t<div class=\"elementor-element elementor-element-6f2a4f1b elementor-widget elementor-widget-text-editor\" data-id=\"6f2a4f1b\" data-element_type=\"widget\" data-widget_type=\"text-editor.default\">\n\t\t\t\t<div class=\"elementor-widget-container\">\n\t\t\t\t\t\t\t\t\t<span style=\"font-size: 20px; font-family: Zen Kaku Gothic Antique; white-space: pre-wrap;\">Ecosostenibilit\u00e0 per noi \u00e8 un concetto imprescindile per vivere in armonia con l\u2019universo. Preservare l\u2019ambiente \u00e8 un dovere di tutti e pu\u00f2 essere fatto da ognuno con piccoli gesti quotidiani. Per questo abbiamo preso decisioni importanti per consegnare alle generazioni future un ambiente il pi\u00f9 possibile in salute.<\/span>\t\t\t\t\t\t\t\t<\/div>\n\t\t\t\t<\/div>\n\t\t\t\t\t<\/div>\n\t\t<\/div>\n\t\t\t\t\t<\/div>\n\t\t<\/section>\n\t\t\t\t<section class=\"elementor-section elementor-top-section elementor-element elementor-element-2361a304 elementor-section-boxed elementor-section-height-default elementor-section-height-default\" data-id=\"2361a304\" data-element_type=\"section\" id=\"box-dst\" data-settings=\"{&quot;background_background&quot;:&quot;classic&quot;}\">\n\t\t\t\t\t\t<div class=\"elementor-container elementor-column-gap-wider\">\n\t\t\t\t\t<div class=\"elementor-column elementor-col-50 elementor-top-column elementor-element elementor-element-372b3513\" data-id=\"372b3513\" data-element_type=\"column\">\n\t\t\t<div class=\"elementor-widget-wrap elementor-element-populated\">\n\t\t\t\t\t\t<div class=\"elementor-element elementor-element-fbd0a19 elementor-widget elementor-widget-image\" data-id=\"fbd0a19\" data-element_type=\"widget\" data-widget_type=\"image.default\">\n\t\t\t\t<div class=\"elementor-widget-container\">\n\t\t\t\t\t\t\t\t\t\t\t\t\t\t\t<img fetchpriority=\"high\" decoding=\"async\" width=\"960\" height=\"641\" src=\"https:\/\/www.bequantic.it\/wp-content\/uploads\/2022\/11\/BeQuantic-4248-1024x684.jpg\" class=\"attachment-large size-large wp-image-4443\" alt=\"\" srcset=\"https:\/\/www.bequantic.it\/wp-content\/uploads\/2022\/11\/BeQuantic-4248-1024x684.jpg 1024w, https:\/\/www.bequantic.it\/wp-content\/uploads\/2022\/11\/BeQuantic-4248-300x200.jpg 300w, https:\/\/www.bequantic.it\/wp-content\/uploads\/2022\/11\/BeQuantic-4248-768x513.jpg 768w, https:\/\/www.bequantic.it\/wp-content\/uploads\/2022\/11\/BeQuantic-4248-1536x1026.jpg 1536w, https:\/\/www.bequantic.it\/wp-content\/uploads\/2022\/11\/BeQuantic-4248-2048x1367.jpg 2048w, https:\/\/www.bequantic.it\/wp-content\/uploads\/2022\/11\/BeQuantic-4248-1320x881.jpg 1320w, https:\/\/www.bequantic.it\/wp-content\/uploads\/2022\/11\/BeQuantic-4248-600x401.jpg 600w, https:\/\/www.bequantic.it\/wp-content\/uploads\/2022\/11\/BeQuantic-4248-81x54.jpg 81w, https:\/\/www.bequantic.it\/wp-content\/uploads\/2022\/11\/BeQuantic-4248-64x43.jpg 64w\" sizes=\"(max-width: 960px) 100vw, 960px\" \/>\t\t\t\t\t\t\t\t\t\t\t\t\t\t\t<\/div>\n\t\t\t\t<\/div>\n\t\t\t\t\t<\/div>\n\t\t<\/div>\n\t\t\t\t<div class=\"elementor-column elementor-col-50 elementor-top-column elementor-element elementor-element-3681375e\" data-id=\"3681375e\" data-element_type=\"column\">\n\t\t\t<div class=\"elementor-widget-wrap elementor-element-populated\">\n\t\t\t\t\t\t<div class=\"elementor-element elementor-element-6f3b9da elementor-widget elementor-widget-text-editor\" data-id=\"6f3b9da\" data-element_type=\"widget\" data-widget_type=\"text-editor.default\">\n\t\t\t\t<div class=\"elementor-widget-container\">\n\t\t\t\t\t\t\t\t\t<h2><strong><span style=\"font-size: 40px; font-family: nunito; white-space: pre-wrap;\">L\u2019economia circolare degli astucci<\/span><\/strong><\/h2>\t\t\t\t\t\t\t\t<\/div>\n\t\t\t\t<\/div>\n\t\t\t\t<div class=\"elementor-element elementor-element-4a65fbc8 elementor-widget elementor-widget-text-editor\" data-id=\"4a65fbc8\" data-element_type=\"widget\" data-widget_type=\"text-editor.default\">\n\t\t\t\t<div class=\"elementor-widget-container\">\n\t\t\t\t\t\t\t\t\t<span style=\"line-high: 23px; font-size: 20px; font-family: Zen Kaku Gothic Antique; white-space: pre-wrap;\">La scelta di una carta che riutilizzasse gli scarti di lavorazioni industriali alimentari \u00e8 stata uno dei primi punti fermi del progetto BeQuantic.\nGrazie ad un processo circolare gli scarti della produzione del caff\u00e8 vengono integrati all\u2019interno del ciclo produttivo di questa carta ecologica.\nQuello che prima era un rifiuto da smaltire in discarica, viene trasformato in risorsa rinnovabile e naturale che pu\u00f2 sostituire fino al 15% della cellulosa proveniente dagli alberi, facendo risparmiare ulteriori risorse naturali e fino ad un 20% di emissione di gas serra.<\/span>\t\t\t\t\t\t\t\t<\/div>\n\t\t\t\t<\/div>\n\t\t\t\t\t<\/div>\n\t\t<\/div>\n\t\t\t\t\t<\/div>\n\t\t<\/section>\n\t\t\t\t<section class=\"elementor-section elementor-top-section elementor-element elementor-element-154e25bf elementor-section-boxed elementor-section-height-default elementor-section-height-default\" data-id=\"154e25bf\" data-element_type=\"section\" data-settings=\"{&quot;background_background&quot;:&quot;classic&quot;}\">\n\t\t\t\t\t\t<div class=\"elementor-container elementor-column-gap-wider\">\n\t\t\t\t\t<div class=\"elementor-column elementor-col-100 elementor-top-column elementor-element elementor-element-5a600fa8\" data-id=\"5a600fa8\" data-element_type=\"column\">\n\t\t\t<div class=\"elementor-widget-wrap elementor-element-populated\">\n\t\t\t\t\t\t<div class=\"elementor-element elementor-element-2115d6a9 elementor-widget elementor-widget-text-editor\" data-id=\"2115d6a9\" data-element_type=\"widget\" data-widget_type=\"text-editor.default\">\n\t\t\t\t<div class=\"elementor-widget-container\">\n\t\t\t\t\t\t\t\t\t<h3><strong><span style=\"font-size: 40px; font-family: nunito; white-space: pre-wrap;\">Certificazione Vegan Ok<\/span><\/strong><\/h3>\t\t\t\t\t\t\t\t<\/div>\n\t\t\t\t<\/div>\n\t\t\t\t<div class=\"elementor-element elementor-element-7d3a52a4 elementor-widget elementor-widget-text-editor\" data-id=\"7d3a52a4\" data-element_type=\"widget\" data-widget_type=\"text-editor.default\">\n\t\t\t\t<div class=\"elementor-widget-container\">\n\t\t\t\t\t\t\t\t\t<span style=\"line-high: 20px; font-size: 20px; font-family: Zen Kaku Gothic Antique; white-space: pre-wrap;\">Un mondo in equilibrio nelle sue diversi parti \u00e8 un mondo in salute: un mondo senza sfruttamento, ma con un utilizzo consapevole delle risorse. Siamo convinte che possiamo dare un contributo per avere un impatto positivo sulla societ\u00e0 e sulla biosfera per questo i nostri prodotti sono certificati Vegan Ok. Ci\u00f2 significa che sono conformi allo WVG (Standar Vegano Europeo); che non presentano ingredienti di origine animale n\u00e8 nel prodotto, n\u00e8 nel packaging; che non sono stati sperimentati su animiali e che sono compatibili con la filosofia vegan. <\/span>\t\t\t\t\t\t\t\t<\/div>\n\t\t\t\t<\/div>\n\t\t\t\t\t<\/div>\n\t\t<\/div>\n\t\t\t\t\t<\/div>\n\t\t<\/section>\n\t\t\t\t<section class=\"elementor-section elementor-top-section elementor-element elementor-element-8f255ce elementor-section-boxed elementor-section-height-default elementor-section-height-default\" data-id=\"8f255ce\" data-element_type=\"section\" id=\"box-sns\" data-settings=\"{&quot;background_background&quot;:&quot;classic&quot;}\">\n\t\t\t\t\t\t<div class=\"elementor-container elementor-column-gap-wider\">\n\t\t\t\t\t<div class=\"elementor-column elementor-col-50 elementor-top-column elementor-element elementor-element-5f0e0865\" data-id=\"5f0e0865\" data-element_type=\"column\">\n\t\t\t<div class=\"elementor-widget-wrap elementor-element-populated\">\n\t\t\t\t\t\t<div class=\"elementor-element elementor-element-53b2e514 elementor-widget elementor-widget-text-editor\" data-id=\"53b2e514\" data-element_type=\"widget\" data-widget_type=\"text-editor.default\">\n\t\t\t\t<div class=\"elementor-widget-container\">\n\t\t\t\t\t\t\t\t\t<h2><strong><span style=\"font-size: 46px; font-family: nunito; white-space: pre-wrap;\">Ingredienti biologici<\/span><\/strong><\/h2>\t\t\t\t\t\t\t\t<\/div>\n\t\t\t\t<\/div>\n\t\t\t\t<div class=\"elementor-element elementor-element-395e0890 elementor-widget elementor-widget-text-editor\" data-id=\"395e0890\" data-element_type=\"widget\" data-widget_type=\"text-editor.default\">\n\t\t\t\t<div class=\"elementor-widget-container\">\n\t\t\t\t\t\t\t\t\t<span style=\"font-size: 20px; font-family: Zen Kaku Gothic Antique; white-space: pre-wrap;\">L\u2019utilizzo di ingredienti biologici nelle nostre formule rientra nell\u2019ottica di una gestione consapevole delle risorse. Alla base della coltivazione biologica c\u2019\u00e8 l\u2019utilizzo di sostanze naturali, presenti in natura, escludendo l\u2019utilizzo di sostanze di sintesi chimica e tecniche di coltivazione aggressive. Questa scelta permette una maggiore attenzione all\u2019ambiente, rispettando suolo ed ecosistemi, e garantisce prodotti di alta qualit\u00e0 e ricchi di nutrienti. <\/span>\t\t\t\t\t\t\t\t<\/div>\n\t\t\t\t<\/div>\n\t\t\t\t\t<\/div>\n\t\t<\/div>\n\t\t\t\t<div class=\"elementor-column elementor-col-50 elementor-top-column elementor-element elementor-element-554df15e\" data-id=\"554df15e\" data-element_type=\"column\">\n\t\t\t<div class=\"elementor-widget-wrap elementor-element-populated\">\n\t\t\t\t\t\t<div class=\"elementor-element elementor-element-76a8b992 elementor-widget elementor-widget-image\" data-id=\"76a8b992\" data-element_type=\"widget\" data-widget_type=\"image.default\">\n\t\t\t\t<div class=\"elementor-widget-container\">\n\t\t\t\t\t\t\t\t\t\t\t\t\t\t\t<img decoding=\"async\" width=\"960\" height=\"641\" src=\"https:\/\/www.bequantic.it\/wp-content\/uploads\/2022\/09\/BeQuantic-4188-1024x684.jpg\" class=\"attachment-large size-large wp-image-2033\" alt=\"\" srcset=\"https:\/\/www.bequantic.it\/wp-content\/uploads\/2022\/09\/BeQuantic-4188-1024x684.jpg 1024w, https:\/\/www.bequantic.it\/wp-content\/uploads\/2022\/09\/BeQuantic-4188-300x200.jpg 300w, https:\/\/www.bequantic.it\/wp-content\/uploads\/2022\/09\/BeQuantic-4188-768x513.jpg 768w, https:\/\/www.bequantic.it\/wp-content\/uploads\/2022\/09\/BeQuantic-4188-1536x1026.jpg 1536w, https:\/\/www.bequantic.it\/wp-content\/uploads\/2022\/09\/BeQuantic-4188-2048x1367.jpg 2048w, https:\/\/www.bequantic.it\/wp-content\/uploads\/2022\/09\/BeQuantic-4188-1320x881.jpg 1320w, https:\/\/www.bequantic.it\/wp-content\/uploads\/2022\/09\/BeQuantic-4188-600x401.jpg 600w, https:\/\/www.bequantic.it\/wp-content\/uploads\/2022\/09\/BeQuantic-4188-81x54.jpg 81w, https:\/\/www.bequantic.it\/wp-content\/uploads\/2022\/09\/BeQuantic-4188-64x43.jpg 64w\" sizes=\"(max-width: 960px) 100vw, 960px\" \/>\t\t\t\t\t\t\t\t\t\t\t\t\t\t\t<\/div>\n\t\t\t\t<\/div>\n\t\t\t\t\t<\/div>\n\t\t<\/div>\n\t\t\t\t\t<\/div>\n\t\t<\/section>\n\t\t\t\t<section class=\"elementor-section elementor-top-section elementor-element elementor-element-4134db elementor-section-boxed elementor-section-height-default elementor-section-height-default\" data-id=\"4134db\" data-element_type=\"section\" data-settings=\"{&quot;background_background&quot;:&quot;classic&quot;}\">\n\t\t\t\t\t\t\t<div class=\"elementor-background-overlay\"><\/div>\n\t\t\t\t\t\t\t<div class=\"elementor-container elementor-column-gap-default\">\n\t\t\t\t\t<div class=\"elementor-column elementor-col-100 elementor-top-column elementor-element elementor-element-d10891b\" data-id=\"d10891b\" data-element_type=\"column\">\n\t\t\t<div class=\"elementor-widget-wrap elementor-element-populated\">\n\t\t\t\t\t\t<div class=\"elementor-element elementor-element-1bc2ce1 elementor-widget elementor-widget-text-editor\" data-id=\"1bc2ce1\" data-element_type=\"widget\" data-widget_type=\"text-editor.default\">\n\t\t\t\t<div class=\"elementor-widget-container\">\n\t\t\t\t\t\t\t\t\t<p><a href=\"https:\/\/www.bequantic.it\/shop\/\"><span style=\"font-size: 25px; font-family: Zen Kaku Gothic Antique; white-space: pre-wrap;\">Scopri tutta la nostra linea<\/span><\/a><\/p>\t\t\t\t\t\t\t\t<\/div>\n\t\t\t\t<\/div>\n\t\t\t\t\t<\/div>\n\t\t<\/div>\n\t\t\t\t\t<\/div>\n\t\t<\/section>\n\t\t\t\t<section class=\"elementor-section elementor-top-section elementor-element elementor-element-15efc637 elementor-section-boxed elementor-section-height-default elementor-section-height-default\" data-id=\"15efc637\" data-element_type=\"section\" id=\"footer-link\" data-settings=\"{&quot;background_background&quot;:&quot;classic&quot;}\">\n\t\t\t\t\t\t<div class=\"elementor-container elementor-column-gap-default\">\n\t\t\t\t\t<div class=\"elementor-column elementor-col-16 elementor-top-column elementor-element elementor-element-261aa00e\" data-id=\"261aa00e\" data-element_type=\"column\">\n\t\t\t<div class=\"elementor-widget-wrap elementor-element-populated\">\n\t\t\t\t\t\t<div class=\"elementor-element elementor-element-6ba3a86a elementor-widget elementor-widget-text-editor\" data-id=\"6ba3a86a\" data-element_type=\"widget\" data-widget_type=\"text-editor.default\">\n\t\t\t\t<div class=\"elementor-widget-container\">\n\t\t\t\t\t\t\t\t\t<a style=\"margin-bottom:0;\" href=\"https:\/\/www.bequantic.it\/pagina-emozionale\/\"><strong><span style=\"font-size: 16px; font-family: Zen Kaku Gothic Antique; white-space: pre-wrap;\">L\u2019ISPIRAZIONE<\/span><\/strong><\/a>\t\t\t\t\t\t\t\t<\/div>\n\t\t\t\t<\/div>\n\t\t\t\t<div class=\"elementor-element elementor-element-46e2a2df elementor-widget elementor-widget-text-editor\" data-id=\"46e2a2df\" data-element_type=\"widget\" data-widget_type=\"text-editor.default\">\n\t\t\t\t<div class=\"elementor-widget-container\">\n\t\t\t\t\t\t\t\t\t<span style=\"font-size: 16px; font-family: Zen Kaku Gothic Antique; white-space: pre-wrap;\"><a href=\"https:\/\/www.bequantic.it\/noi\/\">Chi siamo<\/a>\n<a href=\"https:\/\/www.bequantic.it\/packaging\/\">Packaging<\/a>\n<a href=\"https:\/\/www.bequantic.it\/ecosostenibilita\/\">Ecosostenibilit\u00e0<\/a>\n<\/span>\t\t\t\t\t\t\t\t<\/div>\n\t\t\t\t<\/div>\n\t\t\t\t\t<\/div>\n\t\t<\/div>\n\t\t\t\t<div class=\"elementor-column elementor-col-16 elementor-top-column elementor-element elementor-element-5365baea\" data-id=\"5365baea\" data-element_type=\"column\">\n\t\t\t<div class=\"elementor-widget-wrap elementor-element-populated\">\n\t\t\t\t\t\t<div class=\"elementor-element elementor-element-11b15ac5 elementor-widget elementor-widget-text-editor\" data-id=\"11b15ac5\" data-element_type=\"widget\" data-widget_type=\"text-editor.default\">\n\t\t\t\t<div class=\"elementor-widget-container\">\n\t\t\t\t\t\t\t\t\t<a style=\"margin-bottom:0;\" href=\"https:\/\/www.bequantic.it\/pagina-scientifica\/\"><strong><span style=\"font-size: 16px; font-family: Zen Kaku Gothic Antique; white-space: pre-wrap;\">LA SCIENZA<\/span><\/strong><\/a>\t\t\t\t\t\t\t\t<\/div>\n\t\t\t\t<\/div>\n\t\t\t\t<div class=\"elementor-element elementor-element-7bb18c90 elementor-widget elementor-widget-text-editor\" data-id=\"7bb18c90\" data-element_type=\"widget\" data-widget_type=\"text-editor.default\">\n\t\t\t\t<div class=\"elementor-widget-container\">\n\t\t\t\t\t\t\t\t\t<p><span style=\"font-size: 16px; font-family: Zen Kaku Gothic Antique; white-space: pre-wrap;\"><a href=\"https:\/\/www.bequantic.it\/acqua-informatizzata\/\">L\u2019acqua informatizzata<\/a><br \/><a href=\"https:\/\/www.bequantic.it\/formula\/\">La nostra formula<\/a><br \/><a href=\"https:\/\/www.bequantic.it\/metodo-informatizzazione\/\">Il metodo<\/a><br \/><\/span><\/p>\t\t\t\t\t\t\t\t<\/div>\n\t\t\t\t<\/div>\n\t\t\t\t\t<\/div>\n\t\t<\/div>\n\t\t\t\t<div class=\"elementor-column elementor-col-16 elementor-top-column elementor-element elementor-element-3386eb1\" data-id=\"3386eb1\" data-element_type=\"column\">\n\t\t\t<div class=\"elementor-widget-wrap elementor-element-populated\">\n\t\t\t\t\t\t<div class=\"elementor-element elementor-element-2bd1711b elementor-widget elementor-widget-text-editor\" data-id=\"2bd1711b\" data-element_type=\"widget\" data-widget_type=\"text-editor.default\">\n\t\t\t\t<div class=\"elementor-widget-container\">\n\t\t\t\t\t\t\t\t\t<a style=\"margin-bottom:0;\" href=\"https:\/\/www.bequantic.it\/shop\/\"><strong><span style=\"font-size: 16px; font-family: Zen Kaku Gothic Antique; white-space: pre-wrap;\">I PRODOTTI<\/span><\/strong><\/a>\t\t\t\t\t\t\t\t<\/div>\n\t\t\t\t<\/div>\n\t\t\t\t<div class=\"elementor-element elementor-element-161c9393 elementor-widget elementor-widget-text-editor\" data-id=\"161c9393\" data-element_type=\"widget\" data-widget_type=\"text-editor.default\">\n\t\t\t\t<div class=\"elementor-widget-container\">\n\t\t\t\t\t\t\t\t\t<p><span style=\"font-size: 16px; font-family: Zen Kaku Gothic Antique; white-space: pre-wrap;\"><a href=\"https:\/\/www.bequantic.it\/categoria-prodotto\/trattamenti-viso\/\">Creme viso<\/a><br \/><a href=\"https:\/\/www.bequantic.it\/categoria-prodotto\/trattamenti-corpo\/\">Crema corpo<\/a><br \/><a href=\"https:\/\/www.bequantic.it\/categoria-prodotto\/detergenza-viso\/\">Detersione viso<\/a><br \/><\/span><\/p>\t\t\t\t\t\t\t\t<\/div>\n\t\t\t\t<\/div>\n\t\t\t\t\t<\/div>\n\t\t<\/div>\n\t\t\t\t<div class=\"elementor-column elementor-col-16 elementor-top-column elementor-element elementor-element-4baf65d5\" data-id=\"4baf65d5\" data-element_type=\"column\">\n\t\t\t<div class=\"elementor-widget-wrap elementor-element-populated\">\n\t\t\t\t\t\t<div class=\"elementor-element elementor-element-162ab3f6 elementor-widget elementor-widget-text-editor\" data-id=\"162ab3f6\" data-element_type=\"widget\" data-widget_type=\"text-editor.default\">\n\t\t\t\t<div class=\"elementor-widget-container\">\n\t\t\t\t\t\t\t\t\t<a style=\"margin-bottom:0;\" href=\"https:\/\/www.bequantic.it\/shop\/\"><strong><span style=\"font-size: 16px; font-family: Zen Kaku Gothic Antique; white-space: pre-wrap;\">SHOP<\/span><\/strong><\/a>\t\t\t\t\t\t\t\t<\/div>\n\t\t\t\t<\/div>\n\t\t\t\t<div class=\"elementor-element elementor-element-1a202460 elementor-widget elementor-widget-text-editor\" data-id=\"1a202460\" data-element_type=\"widget\" data-widget_type=\"text-editor.default\">\n\t\t\t\t<div class=\"elementor-widget-container\">\n\t\t\t\t\t\t\t\t\t<span style=\"white-space: pre-wrap;\"><a href=\"https:\/\/www.bequantic.it\/cart\/\">Carrello<\/a>\n<a href=\"https:\/\/www.bequantic.it\/my-account\/\">Account<\/a>\n<a href=\"https:\/\/www.bequantic.it\/condizioni-di-vendita\/\">Condizioni di vendita<\/a><\/span><span style=\"font-size: 16px; font-family: Zen Kaku Gothic Antique; white-space: pre-wrap;\">\n<\/span>\t\t\t\t\t\t\t\t<\/div>\n\t\t\t\t<\/div>\n\t\t\t\t\t<\/div>\n\t\t<\/div>\n\t\t\t\t<div class=\"elementor-column elementor-col-16 elementor-top-column elementor-element elementor-element-34e39a20\" data-id=\"34e39a20\" data-element_type=\"column\">\n\t\t\t<div class=\"elementor-widget-wrap elementor-element-populated\">\n\t\t\t\t\t\t<div class=\"elementor-element elementor-element-6ff01666 elementor-widget elementor-widget-text-editor\" data-id=\"6ff01666\" data-element_type=\"widget\" data-widget_type=\"text-editor.default\">\n\t\t\t\t<div class=\"elementor-widget-container\">\n\t\t\t\t\t\t\t\t\t<strong><span style=\"font-size: 16px; font-family: Zen Kaku Gothic Antique; white-space: pre-wrap;\">INFORMAZIONI<\/span><\/strong>\t\t\t\t\t\t\t\t<\/div>\n\t\t\t\t<\/div>\n\t\t\t\t<div class=\"elementor-element elementor-element-a25709a elementor-widget elementor-widget-text-editor\" data-id=\"a25709a\" data-element_type=\"widget\" data-widget_type=\"text-editor.default\">\n\t\t\t\t<div class=\"elementor-widget-container\">\n\t\t\t\t\t\t\t\t\t<span style=\"font-size: 16px; font-family: Zen Kaku Gothic Antique; white-space: pre-wrap;\"><a href=\"https:\/\/www.bequantic.it\/contact-us\/\">Contatti<\/a>\n<a href=\"https:\/\/www.bequantic.it\/contact-us\/\">Dove ci puoi trovare<\/a><\/span>\n\n&nbsp;\t\t\t\t\t\t\t\t<\/div>\n\t\t\t\t<\/div>\n\t\t\t\t\t<\/div>\n\t\t<\/div>\n\t\t\t\t<div class=\"elementor-column elementor-col-16 elementor-top-column elementor-element elementor-element-57c37411\" data-id=\"57c37411\" data-element_type=\"column\">\n\t\t\t<div class=\"elementor-widget-wrap elementor-element-populated\">\n\t\t\t\t\t\t<div class=\"elementor-element elementor-element-7636b2b3 elementor-widget elementor-widget-text-editor\" data-id=\"7636b2b3\" data-element_type=\"widget\" data-widget_type=\"text-editor.default\">\n\t\t\t\t<div class=\"elementor-widget-container\">\n\t\t\t\t\t\t\t\t\t<span style=\"font-size: 16px; font-family: Zen Kaku Gothic Antique; white-space: pre-wrap;\"><a href=\"mailto:info@bequantic.it\">info@bequantic.it<\/a>\n<a href=\"https:\/\/www.bequantic.it\/Privacy-Policy\/\">Privacy Policy<\/a>\n<a href=\"https:\/\/www.bequantic.it\/Cookie-policy\/\">Cookie policy<\/a>\n<\/span>\t\t\t\t\t\t\t\t<\/div>\n\t\t\t\t<\/div>\n\t\t\t\t\t<\/div>\n\t\t<\/div>\n\t\t\t\t\t<\/div>\n\t\t<\/section>\n\t\t\t\t<\/div>\n\t\t","protected":false},"excerpt":{"rendered":"<p>Ecosostenibilit\u00e0 Ecosostenibilit\u00e0 per noi \u00e8 un concetto imprescindile per vivere in armonia con l\u2019universo. Preservare l\u2019ambiente \u00e8 un dovere di tutti e pu\u00f2 essere fatto da ognuno con piccoli gesti quotidiani. Per questo abbiamo preso decisioni importanti per consegnare alle generazioni future un ambiente il pi\u00f9 possibile in salute. L\u2019economia circolare degli astucci La scelta<\/p>\n<div class=\"klb-readmore entry-button\"><a class=\"button light alt medium\" href=\"https:\/\/www.bequantic.it\/it_it\/ecosostenibilita\/\">Read More<\/a><\/div>\n","protected":false},"author":1,"featured_media":0,"parent":0,"menu_order":0,"comment_status":"closed","ping_status":"closed","template":"","meta":{"footnotes":""},"class_list":["post-2028","page","type-page","status-publish","hentry"],"jetpack_sharing_enabled":true,"_links":{"self":[{"href":"https:\/\/www.bequantic.it\/it_it\/wp-json\/wp\/v2\/pages\/2028","targetHints":{"allow":["GET"]}}],"collection":[{"href":"https:\/\/www.bequantic.it\/it_it\/wp-json\/wp\/v2\/pages"}],"about":[{"href":"https:\/\/www.bequantic.it\/it_it\/wp-json\/wp\/v2\/types\/page"}],"author":[{"embeddable":true,"href":"https:\/\/www.bequantic.it\/it_it\/wp-json\/wp\/v2\/users\/1"}],"replies":[{"embeddable":true,"href":"https:\/\/www.bequantic.it\/it_it\/wp-json\/wp\/v2\/comments?post=2028"}],"version-history":[{"count":197,"href":"https:\/\/www.bequantic.it\/it_it\/wp-json\/wp\/v2\/pages\/2028\/revisions"}],"predecessor-version":[{"id":4593,"href":"https:\/\/www.bequantic.it\/it_it\/wp-json\/wp\/v2\/pages\/2028\/revisions\/4593"}],"wp:attachment":[{"href":"https:\/\/www.bequantic.it\/it_it\/wp-json\/wp\/v2\/media?parent=2028"}],"curies":[{"name":"wp","href":"https:\/\/api.w.org\/{rel}","templated":true}]}}